{"id":782,"date":"2025-09-01T17:09:02","date_gmt":"2025-09-01T17:09:02","guid":{"rendered":"https:\/\/calmtravel.de\/?page_id=782"},"modified":"2026-04-04T16:07:51","modified_gmt":"2026-04-04T16:07:51","slug":"guest-guide","status":"publish","type":"page","link":"https:\/\/calmtravel.de\/de\/guest-guide\/","title":{"rendered":"Siehe G\u00e4stef\u00fchrer"},"content":{"rendered":"<h1 class=\"wp-block-heading\">Siehe G\u00e4stef\u00fchrer<\/h1>\n\n\n\n<div class=\"wp-block-uagb-container uagb-block-10d5cd5b alignfull uagb-is-root-container\"><div class=\"uagb-container-inner-blocks-wrap\">\n<div class=\"wp-block-uagb-container uagb-block-00ca587d\">\n<div class=\"wp-block-buttons is-content-justification-center is-layout-flex wp-container-core-buttons-is-layout-a89b3969 wp-block-buttons-is-layout-flex\">\n<div class=\"wp-block-button\"><a class=\"wp-block-button__link has-ast-global-color-1-color has-ast-global-color-5-background-color has-text-color has-background has-link-color has-small-font-size has-custom-font-size wp-element-button\" href=\"https:\/\/www.google.de\/maps\/@43.6141311,15.17977,8z\/data=!4m3!11m2!2sAodTXfCs5QUWNVHy6ecBZs5YUYVTkw!3e3?entry=ttu&amp;g_ep=EgoyMDI1MTAxMi4wIKXMDSoASAFQAw%3D%3D\" style=\"padding-top:10px;padding-right:15px;padding-bottom:10px;padding-left:15px\">See Map Guide -&gt;<\/a><\/div>\n<\/div>\n<\/div>\n<\/div><\/div>\n\n\n\n<div class=\"wp-block-uagb-advanced-heading uagb-block-1f6c1079\"><h2 class=\"uagb-heading-text\"><br>Entdecke die Umgebung unserer ruhigen Strandh\u00e4user, wo Kultur, Gastronomie und Natur zusammenkommen, um Euch ein wahrhaft einzigartiges Erlebnis zu bieten.<br><br><\/h2><\/div>\n\n\n\n<div class=\"wp-block-uagb-buttons uagb-buttons__outer-wrap uagb-btn__default-btn uagb-btn-tablet__default-btn uagb-btn-mobile__default-btn uagb-block-508528b4\"><div class=\"uagb-buttons__wrap uagb-buttons-layout-wrap\">\n<div class=\"wp-block-uagb-buttons-child uagb-buttons__outer-wrap uagb-block-703e4e3d wp-block-button\"><div class=\"uagb-button__wrapper\"><a class=\"uagb-buttons-repeater wp-block-button__link\" aria-label=\"\" href=\"\/de\/welcome\/\" rel=\"follow noopener\" target=\"_self\" role=\"button\"><div class=\"uagb-button__link\">Check In Information<\/div><\/a><\/div><\/div>\n<\/div><\/div>\n\n\n\n<div class=\"wp-block-uagb-container uagb-block-a2c715a2 alignfull uagb-is-root-container\"><div class=\"uagb-container-inner-blocks-wrap\">\n<div class=\"wp-block-coblocks-accordion\">\n<div class=\"wp-block-coblocks-accordion-item\"><details><summary class=\"wp-block-coblocks-accordion-item__title has-background has-white-background-color\"><img loading=\"lazy\" decoding=\"async\" width=\"24\" height=\"25\" class=\"wp-image-784\" style=\"width: 24px;\" src=\"https:\/\/calmtravel.de\/wp-content\/uploads\/2025\/09\/flatware.png\" alt=\"\" srcset=\"https:\/\/calmtravel.de\/wp-content\/uploads\/2025\/09\/flatware.png 24w, https:\/\/calmtravel.de\/wp-content\/uploads\/2025\/09\/flatware-12x12.png 12w\" sizes=\"auto, (max-width: 24px) 100vw, 24px\" \/> Restaurants <img loading=\"lazy\" decoding=\"async\" width=\"10\" height=\"8\" class=\"wp-image-1246\" style=\"width: 10px;\" src=\"https:\/\/calmtravel.de\/wp-content\/uploads\/2025\/09\/Polygon-1.png\" alt=\"\" srcset=\"https:\/\/calmtravel.de\/wp-content\/uploads\/2025\/09\/Polygon-1.png 38w, https:\/\/calmtravel.de\/wp-content\/uploads\/2025\/09\/Polygon-1-14x12.png 14w\" sizes=\"auto, (max-width: 10px) 100vw, 10px\" \/><\/summary><div class=\"wp-block-coblocks-accordion-item__content\" style=\"border-color:#ffffff\">\n<p><strong>Zadar (ca. 35 Min.)<\/strong><\/p>\n\n\n\n<ul style=\"margin-top:0px\" class=\"wp-block-list\">\n<li class=\"translation-block\">Pet Bunara: Kreative K\u00fcche in gem\u00fctlicher Atmosph\u00e4re (\u20ac\u20ac)<\/li>\n\n\n\n<li><a href=\"https:\/\/maps.app.goo.gl\/zKY3Qs8EnPZ7WC9V8\" data-type=\"link\" data-id=\"https:\/\/maps.app.goo.gl\/zKY3Qs8EnPZ7WC9V8\">Fenix im Hotel Hyatt<\/a>Exquisites Essen in stylischer Atmosph\u00e4re, asiatisch-fusian<\/li>\n\n\n\n<li><a href=\"https:\/\/goo.gl\/maps\/ShSSicsr6J9TDaVo6\" target=\"_blank\" rel=\"noreferrer noopener\">4 Kantuna<\/a>: Tasty pasta, fish and meat in a courtyard (\u20ac\u20ac)<\/li>\n\n\n\n<li class=\"translation-block\"><a href=\"https:\/\/goo.gl\/maps\/sVZkaPkUHovG2jWR9\" target=\"_blank\" rel=\"noreferrer noopener\">Restoran Bruschetta<\/a>: Sch\u00f6nes italienisches Restaurant mit gro\u00dfer Terrasse<\/li>\n\n\n\n<li><a href=\"https:\/\/maps.app.goo.gl\/DChTDbE1btLjUiga7\" target=\"_blank\" rel=\"noreferrer noopener\">Kornat Restaurant<\/a>: Ausgezeichnete K\u00fcche am Hafen von Zadar, traditionell, aber preiswert<\/li>\n\n\n\n<li><a href=\"https:\/\/maps.app.goo.gl\/nyTdtwdBcmpuEPn9A\">Antiquus Sushi and More<\/a>: Nice location directy at the promenade with a big terrace<\/li>\n<\/ul>\n\n\n\n<p><\/p>\n\n\n\n<p style=\"margin-bottom:10px\"><strong>Murter (ca. 30 min)<\/strong><\/p>\n\n\n\n<ul style=\"margin-top:0px\" class=\"wp-block-list\">\n<li style=\"margin-top:0px\"><a href=\"https:\/\/goo.gl\/maps\/kQqUDyr3G6X2uH32A\" target=\"_blank\" rel=\"noreferrer noopener\">Pizzeria Riva<\/a>: Tolle Pizza direkt am kleinen Hafen (\u20ac)<\/li>\n<\/ul>\n\n\n\n<p><\/p>\n\n\n\n<p style=\"margin-bottom:10px\"><strong>Nearby (2.5 km towards Split)<\/strong><\/p>\n\n\n\n<ul style=\"margin-top:0px\" class=\"wp-block-list\">\n<li><a href=\"https:\/\/goo.gl\/maps\/pwqY6US3FpUDM3Em7\" target=\"_blank\" rel=\"noreferrer noopener\">Restaurant La Spuz<\/a>Entspanntes Strandrestaurant mit kreativem Upcycling-Design (\u20ac\u20ac)<\/li>\n\n\n\n<li><a href=\"https:\/\/maps.app.goo.gl\/c2GsFDhrmN3JsUjy9\">Restaurant &amp; Bar Timar<\/a>: Great mansion, Maskovica Han, nearby at lake Vrana. Nice courtyard, nice setting and good food (\u20ac\u20ac\u20ac)<\/li>\n<\/ul>\n\n\n\n<p style=\"margin-bottom:10px\"><strong>Biograd na Moru (approx. 10 min)<\/strong><\/p>\n\n\n\n<ul style=\"margin-top:0px\" class=\"wp-block-list\">\n<li><a href=\"https:\/\/goo.gl\/maps\/WHmYKGBdHJmwEMGH8\" target=\"_blank\" rel=\"noreferrer noopener\">Konoba Kaciol<\/a>: Das beste Essen in Biograd \u2013 freundliches Team<\/li>\n\n\n\n<li><a href=\"https:\/\/maps.app.goo.gl\/EKRrBMyMcpbGmAqD9\" target=\"_blank\" rel=\"noreferrer noopener\">Restoran Guste<\/a>: Immer ge\u00f6ffnet, guter Wein und Meeresfr\u00fcchte<\/li>\n<\/ul>\n\n\n\n<p><\/p>\n\n\n\n<p style=\"margin-bottom:10px\"><strong>\u0160ibenik (approx. 45 min)<\/strong><\/p>\n\n\n\n<ul style=\"margin-top:0px\" class=\"wp-block-list\">\n<li><a href=\"https:\/\/goo.gl\/maps\/vA8D8B8tsmxHHjLe7\" target=\"_blank\" rel=\"noreferrer noopener\">Pelegrini<\/a>: Gourmet-Erlebnis mit Michelin-Stern (\u20ac\u20ac\u20ac\u20ac)<\/li>\n\n\n\n<li><a href=\"https:\/\/goo.gl\/maps\/PMLpsXgMWFBki75Q8\" target=\"_blank\" rel=\"noreferrer noopener\">Tomaseo Konoba<\/a>An der Promenade gelegen, gutes Essen<\/li>\n\n\n\n<li><a href=\"https:\/\/maps.app.goo.gl\/469n1vzQFr2tAo8d8\" data-type=\"link\" data-id=\"https:\/\/maps.app.goo.gl\/469n1vzQFr2tAo8d8\">Le jardin<\/a>: Good food on the main promenade (\u20ac\u20ac\u20ac)<\/li>\n<\/ul>\n\n\n\n<p><\/p>\n\n\n\n<p style=\"margin-bottom:10px\"><strong>Split (day trip)<\/strong><\/p>\n\n\n\n<ul style=\"margin-top:0px\" class=\"wp-block-list\">\n<li><a href=\"https:\/\/maps.app.goo.gl\/swyd6zt42XA3b9rd7\" target=\"_blank\" rel=\"noreferrer noopener\">Articok \u2013 Food and Bar<\/a>Unser Lieblingsrestaurant in Split<\/li>\n\n\n\n<li><a href=\"https:\/\/maps.app.goo.gl\/wcCMALFtrvh5U1gg9\" target=\"_blank\" rel=\"noreferrer noopener\">Corto Maltese Freestyle Food<\/a>: K\u00f6stlich &amp; einladend<\/li>\n<\/ul>\n\n\n\n<p><\/p>\n\n\n\n<p style=\"margin-bottom:10px\"><strong>Drage<\/strong><\/p>\n\n\n\n<ul style=\"margin-top:0px\" class=\"wp-block-list\">\n<li><a href=\"https:\/\/goo.gl\/maps\/rzn9txKx6AM75MNw8\" target=\"_blank\" rel=\"noreferrer noopener\">Pizzeria Ivan<\/a>: Gute Pizza zu einem tollen Preis (\u20ac)<\/li>\n<\/ul>\n\n\n\n<p><\/p>\n\n\n\n<p style=\"margin-bottom:10px\"><strong>Kornati (by boat)<\/strong><\/p>\n\n\n\n<p><a href=\"https:\/\/goo.gl\/maps\/49rTe7r93tujBjnaA\" target=\"_blank\" rel=\"noreferrer noopener\">Konoba Zakan<\/a>: Ausgezeichnete Meeresfr\u00fcchte und eine romantische Lage am Wasser (\u20ac\u20ac\u20ac)<\/p>\n\n\n\n<p><\/p>\n<\/div><\/details><\/div>\n<\/div>\n\n\n\n<div class=\"wp-block-coblocks-accordion\">\n<div class=\"wp-block-coblocks-accordion-item\"><details><summary class=\"wp-block-coblocks-accordion-item__title has-background has-white-background-color\"><img loading=\"lazy\" decoding=\"async\" width=\"24\" height=\"25\" class=\"wp-image-787\" style=\"width: 24px;\" src=\"https:\/\/calmtravel.de\/wp-content\/uploads\/2025\/09\/nature_people.png\" alt=\"\" srcset=\"https:\/\/calmtravel.de\/wp-content\/uploads\/2025\/09\/nature_people.png 24w, https:\/\/calmtravel.de\/wp-content\/uploads\/2025\/09\/nature_people-12x12.png 12w\" sizes=\"auto, (max-width: 24px) 100vw, 24px\" \/> Excursions <img loading=\"lazy\" decoding=\"async\" width=\"10\" height=\"8\" class=\"wp-image-1246\" style=\"width: 10px;\" src=\"https:\/\/calmtravel.de\/wp-content\/uploads\/2025\/09\/Polygon-1.png\" alt=\"\" srcset=\"https:\/\/calmtravel.de\/wp-content\/uploads\/2025\/09\/Polygon-1.png 38w, https:\/\/calmtravel.de\/wp-content\/uploads\/2025\/09\/Polygon-1-14x12.png 14w\" sizes=\"auto, (max-width: 10px) 100vw, 10px\" \/><\/summary><div class=\"wp-block-coblocks-accordion-item__content\" style=\"border-color:#ffffff\">\n<p style=\"margin-top:0px\"><strong>Zadar&nbsp; (approx. 35 min)<\/strong><\/p>\n\n\n\n<p style=\"margin-top:0px\">Ber\u00fchmt f\u00fcr seine Meeresorgel, die vom Architekten Nikola Ba\u0161i\u0107 entworfen wurde. Eine wundersch\u00f6ne Altstadt mit r\u00f6mischen und venezianischen Ruinen. Einige unserer Lieblingsrestaurants befinden sich hier.<\/p>\n\n\n\n<p><strong>Split<\/strong>\u2028<\/p>\n\n\n\n<p>Ein Muss. Die Altstadt ist um den festungsartigen Diokletianpalast aus dem 4. Jahrhundert herum gebaut. Auch Drehort f\u00fcr Game of Thrones.<\/p>\n\n\n\n<p><strong>\u0160ibenik\u2019<\/strong><\/p>\n\n\n\n<p>Wundersch\u00f6ne K\u00fcstenstadt mit einer charmanten Altstadt, kleinen Gesch\u00e4ften und netten Restaurants.<\/p>\n\n\n\n<p><strong>Krka National Park<\/strong><\/p>\n\n\n\n<p>Einer der sch\u00f6nsten Nationalparks in der N\u00e4he (ca. 45 km). Entdecken Sie eine zauberhafte Flusslandschaft mit atemberaubenden Wasserf\u00e4llen.<\/p>\n\n\n\n<p>Mit Kindern: \u2028Fun Park Biograd Vergn\u00fcgungspark (ca. 10 km)<\/p>\n\n\n\n<p class=\"translation-block\">Bootsfahrt mit Andrija:\u2028<em>+385 91 507 8409 oder +385 91 580 4206<\/em>\u2028Das ist ein echtes Highlight! Besuchen Sie die Kornati-Inseln mit dem Boot. Andrija ist ein gro\u00dfartiger Skipper mit einem ausgezeichneten Boot.<\/p>\n<\/div><\/details><\/div>\n<\/div>\n\n\n\n<div class=\"wp-block-coblocks-accordion\">\n<div class=\"wp-block-coblocks-accordion-item\"><details><summary class=\"wp-block-coblocks-accordion-item__title has-background has-white-background-color\"><img loading=\"lazy\" decoding=\"async\" width=\"24\" height=\"25\" class=\"wp-image-785\" style=\"width: 24px;\" src=\"https:\/\/calmtravel.de\/wp-content\/uploads\/2025\/09\/local_mall.png\" alt=\"\" srcset=\"https:\/\/calmtravel.de\/wp-content\/uploads\/2025\/09\/local_mall.png 24w, https:\/\/calmtravel.de\/wp-content\/uploads\/2025\/09\/local_mall-12x12.png 12w\" sizes=\"auto, (max-width: 24px) 100vw, 24px\" \/> Shopping &amp; Groceries <img loading=\"lazy\" decoding=\"async\" width=\"10\" height=\"8\" class=\"wp-image-1246\" style=\"width: 10px;\" src=\"https:\/\/calmtravel.de\/wp-content\/uploads\/2025\/09\/Polygon-1.png\" alt=\"\" srcset=\"https:\/\/calmtravel.de\/wp-content\/uploads\/2025\/09\/Polygon-1.png 38w, https:\/\/calmtravel.de\/wp-content\/uploads\/2025\/09\/Polygon-1-14x12.png 14w\" sizes=\"auto, (max-width: 10px) 100vw, 10px\" \/><\/summary><div class=\"wp-block-coblocks-accordion-item__content\" style=\"border-color:#ffffff\">\n<p style=\"margin-bottom:10px\"><strong>Superm\u00e4rkte (gr\u00f6\u00dfere Auswahl)<\/strong><\/p>\n\n\n\n<ul style=\"margin-top:0px\" class=\"wp-block-list\">\n<li><a href=\"https:\/\/goo.gl\/maps\/kHHyLEBuXgkKzEAp9\" target=\"_blank\" rel=\"noreferrer noopener\">Plodine<\/a>&nbsp;\u2013 ca. 6,6 km (Richtung: Pako\u0161tane)<\/li>\n\n\n\n<li><a href=\"https:\/\/goo.gl\/maps\/bXBicWgk8aQy1TxK8\" target=\"_blank\" rel=\"noreferrer noopener\">Lidl<\/a>&nbsp;\u2013 ca. 13 km (Richtung: Biograd na Moru)<\/li>\n\n\n\n<li><a href=\"https:\/\/goo.gl\/maps\/Kmdcz7A4Mozo3D8J6\" target=\"_blank\" rel=\"noreferrer noopener\">Kaufland<\/a>&nbsp;\u2013 neben Lidl in Biograd na Moru<\/li>\n<\/ul>\n\n\n\n<p style=\"margin-bottom:10px\"><strong>F\u00fcr schnelle Besorgungen in der N\u00e4he<\/strong><\/p>\n\n\n\n<ul style=\"margin-top:0px\" class=\"wp-block-list\">\n<li><a href=\"https:\/\/goo.gl\/maps\/fSkkfybN93EjA5sS9\" target=\"_blank\" rel=\"noreferrer noopener\">MARKET Bure<\/a>&nbsp;\u2013 ca. 2.6 km<\/li>\n\n\n\n<li><a href=\"https:\/\/maps.app.goo.gl\/zDPdtWZUN6hzGJKR6\" data-type=\"link\" data-id=\"https:\/\/maps.app.goo.gl\/zDPdtWZUN6hzGJKR6\">Mini Market<\/a> &#8211; near Kamp Paradiso<\/li>\n<\/ul>\n\n\n\n<p style=\"margin-bottom:6px\"><strong>Drogerien<\/strong><\/p>\n\n\n\n<ul style=\"margin-top:0px\" class=\"wp-block-list\">\n<li><a href=\"https:\/\/goo.gl\/maps\/FF2svbBLpb61KkBSA\" target=\"_blank\" rel=\"noreferrer noopener\">DM<\/a>&nbsp;\u2013 Biograd na Moru, approx. 14 km<\/li>\n\n\n\n<li class=\"translation-block\"><a href=\"https:\/\/goo.gl\/maps\/gRgV8MGkPMXkwkpT9\" target=\"_blank\" rel=\"noreferrer noopener\">M\u00fcller<\/a>&nbsp;\u2013 Biograd na Moru, approx. 14 km<\/li>\n<\/ul>\n\n\n\n<p style=\"margin-bottom:10px\"><strong>Local Food Market<\/strong><\/p>\n\n\n\n<ul style=\"margin-top:0px\" class=\"wp-block-list\">\n<li><a href=\"https:\/\/goo.gl\/maps\/zjFfRcAzU7iwv2Xq6\" target=\"_blank\" rel=\"noreferrer noopener\">Biograd na Moru Food Market<\/a>&nbsp;\u2013 ca. 14 km\u2028Frisches Gem\u00fcse, Obst, Fisch und Fleisch\u2028GPS: 43.940043, 15.445202<\/li>\n<\/ul>\n<\/div><\/details><\/div>\n<\/div>\n<\/div><\/div>\n\n\n\n<div class=\"wp-block-uagb-container uagb-block-8ad0c9d5 alignfull uagb-is-root-container\"><div class=\"uagb-container-inner-blocks-wrap\">\n<div class=\"wp-block-uagb-container uagb-block-fa67ac2c\">\n<div class=\"wp-block-uagb-advanced-heading uagb-block-74942351\"><h2 class=\"uagb-heading-text\">Dein perfekter Urlaub in der Natur<br>wartet auf Dich.<\/h2><\/div>\n\n\n\n<div class=\"wp-block-buttons is-content-justification-center is-layout-flex wp-container-core-buttons-is-layout-a89b3969 wp-block-buttons-is-layout-flex\">\n<div class=\"wp-block-button\"><a class=\"wp-block-button__link has-ast-global-color-1-color has-ast-global-color-5-background-color has-text-color has-background has-link-color has-small-font-size has-custom-font-size wp-element-button\" href=\"https:\/\/calmtravel.de\/de\/book\/\" style=\"padding-top:10px;padding-right:15px;padding-bottom:10px;padding-left:15px\">Buche jetzt Deinen Aufenthalt<\/a><\/div>\n<\/div>\n<\/div>\n<\/div><\/div>\n\n\n\n<div class=\"wp-block-uagb-container uagb-block-10faf540 alignfull uagb-is-root-container\">\n<div class=\"wp-block-uagb-container uagb-block-b0728cb4 alignfull uagb-is-root-container\"><div class=\"uagb-container-inner-blocks-wrap\">\n<div class=\"wp-block-uagb-advanced-heading uagb-block-bd38a542\"><h3 class=\"uagb-heading-text\"><strong>Nimm Kontakt auf<\/strong><\/h3><\/div>\n\n\n\n<div class=\"wp-block-group alignfull is-content-justification-center is-layout-flex wp-container-core-group-is-layout-ef804363 wp-block-group-is-layout-flex\" style=\"margin-top:0;margin-bottom:0;padding-top:0rem;padding-right:0;padding-bottom:0rem;padding-left:0\">\n<div class=\"wp-block-group wp-container-content-9cfa9a5a is-vertical is-layout-flex wp-container-core-group-is-layout-2d729e81 wp-block-group-is-layout-flex\">\n<p class=\"has-text-align-left\"><img loading=\"lazy\" decoding=\"async\" width=\"24\" height=\"25\" class=\"wp-image-653\" style=\"width: 24px;\" src=\"https:\/\/calmtravel.de\/wp-content\/uploads\/2025\/09\/Group-67.png\" alt=\"\" srcset=\"https:\/\/calmtravel.de\/wp-content\/uploads\/2025\/09\/Group-67.png 24w, https:\/\/calmtravel.de\/wp-content\/uploads\/2025\/09\/Group-67-12x12.png 12w\" sizes=\"auto, (max-width: 24px) 100vw, 24px\" \/> sabine@calmtravel.de<\/p>\n\n\n\n<p><img loading=\"lazy\" decoding=\"async\" width=\"24\" height=\"25\" class=\"wp-image-652\" style=\"width: 24px;\" src=\"https:\/\/calmtravel.de\/wp-content\/uploads\/2025\/09\/Group-68.png\" alt=\"\" srcset=\"https:\/\/calmtravel.de\/wp-content\/uploads\/2025\/09\/Group-68.png 24w, https:\/\/calmtravel.de\/wp-content\/uploads\/2025\/09\/Group-68-12x12.png 12w\" sizes=\"auto, (max-width: 24px) 100vw, 24px\" \/> +49 17557 22815<\/p>\n\n\n\n<div style=\"height:0px\" aria-hidden=\"true\" class=\"wp-block-spacer wp-container-content-541a6b20\"><\/div>\n<\/div>\n\n\n\n<div class=\"wp-block-group is-content-justification-right is-layout-flex wp-container-core-group-is-layout-35d1f3ed wp-block-group-is-layout-flex\">\n<div class=\"wp-block-group is-vertical is-layout-flex wp-container-core-group-is-layout-fe9cc265 wp-block-group-is-layout-flex\">\n<div class=\"wp-block-group is-vertical is-content-justification-left is-layout-flex wp-container-core-group-is-layout-32091062 wp-block-group-is-layout-flex\">\n<p class=\"button-social\"><a href=\"#\"><\/a><a href=\"https:\/\/www.google.com\/maps\/place\/\/data=!4m2!3m1!1s0x1334cd64bf9c9435:0x45a5b06def8897a0?source=g.page.default\"><img loading=\"lazy\" decoding=\"async\" width=\"24\" height=\"24\" class=\"wp-image-656\" style=\"width: 24px;\" src=\"https:\/\/calmtravel.de\/wp-content\/uploads\/2025\/09\/image-6.png\" alt=\"\" srcset=\"https:\/\/calmtravel.de\/wp-content\/uploads\/2025\/09\/image-6.png 24w, https:\/\/calmtravel.de\/wp-content\/uploads\/2025\/09\/image-6-12x12.png 12w\" sizes=\"auto, (max-width: 24px) 100vw, 24px\" \/> Eine Bewertung hinterlassen<\/a><\/p>\n\n\n\n<p class=\"button-social\"><a href=\"https:\/\/www.instagram.com\/calmtravel.de\"><img loading=\"lazy\" decoding=\"async\" width=\"24\" height=\"24\" class=\"wp-image-655\" style=\"width: 24px;\" src=\"https:\/\/calmtravel.de\/wp-content\/uploads\/2025\/09\/image-7.png\" alt=\"\" srcset=\"https:\/\/calmtravel.de\/wp-content\/uploads\/2025\/09\/image-7.png 24w, https:\/\/calmtravel.de\/wp-content\/uploads\/2025\/09\/image-7-12x12.png 12w\" sizes=\"auto, (max-width: 24px) 100vw, 24px\" \/> Folge uns<\/a><\/p>\n<\/div>\n\n\n\n<div style=\"height:0px\" aria-hidden=\"true\" class=\"wp-block-spacer wp-container-content-541a6b20\"><\/div>\n<\/div>\n<\/div>\n<\/div>\n<\/div><\/div>\n<\/div>\n\n\n\n<div class=\"wp-block-uagb-container uagb-block-c73813b8 alignfull uagb-is-root-container\"><div class=\"uagb-container-inner-blocks-wrap\">\n<h6 class=\"wp-block-heading\" style=\"margin-top:0px;margin-right:0px;margin-bottom:0px;margin-left:0px\">Mit Liebe gemacht f\u00fcr leidenschaftliche Reisende.<\/h6>\n\n\n\n<div class=\"wp-block-uagb-container uagb-block-2337dd00\">\n<div class=\"wp-block-buttons is-content-justification-right is-layout-flex wp-container-core-buttons-is-layout-d445cf74 wp-block-buttons-is-layout-flex\">\n<div class=\"wp-block-button is-style-outline is-style-outline--1\"><a class=\"wp-block-button__link has-ast-global-color-8-color has-text-color has-link-color has-small-font-size has-custom-font-size wp-element-button\" href=\"https:\/\/calmtravel.de\/de\/impressum\/\" style=\"border-style:none;border-width:0px;padding-top:var(--wp--preset--spacing--20);padding-right:var(--wp--preset--spacing--20);padding-bottom:var(--wp--preset--spacing--20);padding-left:var(--wp--preset--spacing--20)\">Impressum<\/a><\/div>\n\n\n\n<div class=\"wp-block-button is-style-outline is-style-outline--2\"><a class=\"wp-block-button__link has-ast-global-color-8-color has-text-color has-link-color has-small-font-size has-custom-font-size wp-element-button\" href=\"https:\/\/calmtravel.de\/de\/datenschutzerklarung\/\" style=\"border-style:none;border-width:0px;padding-top:var(--wp--preset--spacing--20);padding-right:var(--wp--preset--spacing--20);padding-bottom:var(--wp--preset--spacing--20);padding-left:var(--wp--preset--spacing--20)\">Datenschutzerkl\u00e4rung<\/a><\/div>\n<\/div>\n<\/div>\n<\/div><\/div>","protected":false},"excerpt":{"rendered":"<p>Guest Guide Discover the area around our calm beach houses, where culture, gastronomy, and nature come together to offer a truly unique experience Your perfect naturegetaway awaits. Get In Touch sabine@calmtravel.de +49 17557 22815 Leave a review Follow Us Made with love for passionate travelers.<\/p>","protected":false},"author":2,"featured_media":0,"parent":0,"menu_order":0,"comment_status":"closed","ping_status":"closed","template":"","meta":{"_coblocks_attr":"","_coblocks_dimensions":"","_coblocks_responsive_height":"","_coblocks_accordion_ie_support":"","_uag_custom_page_level_css":"","site-sidebar-layout":"default","site-content-layout":"","ast-site-content-layout":"default","site-content-style":"default","site-sidebar-style":"default","ast-global-header-display":"","ast-banner-title-visibility":"","ast-main-header-display":"","ast-hfb-above-header-display":"","ast-hfb-below-header-display":"","ast-hfb-mobile-header-display":"","site-post-title":"disabled","ast-breadcrumbs-content":"","ast-featured-img":"","footer-sml-layout":"","ast-disable-related-posts":"","theme-transparent-header-meta":"","adv-header-id-meta":"","stick-header-meta":"","header-above-stick-meta":"","header-main-stick-meta":"","header-below-stick-meta":"","astra-migrate-meta-layouts":"set","ast-page-background-enabled":"default","ast-page-background-meta":{"desktop":{"background-color":"var(--ast-global-color-4)","background-image":"","background-repeat":"repeat","background-position":"center center","background-size":"auto","background-attachment":"scroll","background-type":"","background-media":"","overlay-type":"","overlay-color":"","overlay-opacity":"","overlay-gradient":""},"tablet":{"background-color":"","background-image":"","background-repeat":"repeat","background-position":"center center","background-size":"auto","background-attachment":"scroll","background-type":"","background-media":"","overlay-type":"","overlay-color":"","overlay-opacity":"","overlay-gradient":""},"mobile":{"background-color":"","background-image":"","background-repeat":"repeat","background-position":"center center","background-size":"auto","background-attachment":"scroll","background-type":"","background-media":"","overlay-type":"","overlay-color":"","overlay-opacity":"","overlay-gradient":""}},"ast-content-background-meta":{"desktop":{"background-color":"var(--ast-global-color-5)","background-image":"","background-repeat":"repeat","background-position":"center center","background-size":"auto","background-attachment":"scroll","background-type":"","background-media":"","overlay-type":"","overlay-color":"","overlay-opacity":"","overlay-gradient":""},"tablet":{"background-color":"var(--ast-global-color-5)","background-image":"","background-repeat":"repeat","background-position":"center center","background-size":"auto","background-attachment":"scroll","background-type":"","background-media":"","overlay-type":"","overlay-color":"","overlay-opacity":"","overlay-gradient":""},"mobile":{"background-color":"var(--ast-global-color-5)","background-image":"","background-repeat":"repeat","background-position":"center center","background-size":"auto","background-attachment":"scroll","background-type":"","background-media":"","overlay-type":"","overlay-color":"","overlay-opacity":"","overlay-gradient":""}},"footnotes":""},"class_list":["post-782","page","type-page","status-publish","hentry"],"uagb_featured_image_src":{"full":false,"thumbnail":false,"medium":false,"medium_large":false,"large":false,"1536x1536":false,"2048x2048":false,"trp-custom-language-flag":false},"uagb_author_info":{"display_name":"Sabine Jankowski","author_link":"https:\/\/calmtravel.de\/de\/author\/norbert\/"},"uagb_comment_info":0,"uagb_excerpt":"Guest Guide Discover the area around our calm beach houses, where culture, gastronomy, and nature come together to offer a truly unique experience Your perfect naturegetaway awaits. Get In Touch sabine@calmtravel.de +49 17557 22815 Leave a review Follow Us Made with love for passionate travelers.","jetpack_sharing_enabled":true,"_links":{"self":[{"href":"https:\/\/calmtravel.de\/de\/wp-json\/wp\/v2\/pages\/782","targetHints":{"allow":["GET"]}}],"collection":[{"href":"https:\/\/calmtravel.de\/de\/wp-json\/wp\/v2\/pages"}],"about":[{"href":"https:\/\/calmtravel.de\/de\/wp-json\/wp\/v2\/types\/page"}],"author":[{"embeddable":true,"href":"https:\/\/calmtravel.de\/de\/wp-json\/wp\/v2\/users\/2"}],"replies":[{"embeddable":true,"href":"https:\/\/calmtravel.de\/de\/wp-json\/wp\/v2\/comments?post=782"}],"version-history":[{"count":67,"href":"https:\/\/calmtravel.de\/de\/wp-json\/wp\/v2\/pages\/782\/revisions"}],"predecessor-version":[{"id":1425,"href":"https:\/\/calmtravel.de\/de\/wp-json\/wp\/v2\/pages\/782\/revisions\/1425"}],"wp:attachment":[{"href":"https:\/\/calmtravel.de\/de\/wp-json\/wp\/v2\/media?parent=782"}],"curies":[{"name":"wp","href":"https:\/\/api.w.org\/{rel}","templated":true}]}}