{"id":754,"date":"2025-09-01T16:39:16","date_gmt":"2025-09-01T16:39:16","guid":{"rendered":"https:\/\/calmtravel.de\/?page_id=754"},"modified":"2025-10-08T19:25:59","modified_gmt":"2025-10-08T19:25:59","slug":"story","status":"publish","type":"page","link":"https:\/\/calmtravel.de\/de\/story\/","title":{"rendered":"Story"},"content":{"rendered":"<h1 class=\"wp-block-heading has-text-color has-link-color wp-elements-17f011bfc59ef740ed40e66177ef593f\" style=\"color:#415345\">Geschichte<\/h1>\n\n\n\n<p class=\"has-text-color has-link-color wp-elements-7a49ad60b6da77ad4d43b0c0bec26699\" style=\"color:#415345\">Es war ein lang ersehnter Traum, unsere wundersch\u00f6n gestaltetes \u00d6kohauser am Meer zu finden, und nach vielen Jahren der Suche ist es nun soweit. Wir sind Sabine und Norbert aus Berlin und m\u00f6chten unsere Traumh\u00e4user mit Euch teilen, damit Ihr euch fernab von zu Hause wie zu Hause f\u00fchlen k\u00f6nnt. Wir lieben Reisen, Kunst, Design, Wassersport und Wandern mit unserer H\u00fcndin Lola. In unserem Berufsleben haben wir Start-ups mit einem First-Mover-Ansatz gegr\u00fcndet und beide jahrelang in der Start-up-Welt gearbeitet.<\/p>\n\n\n\n<div class=\"wp-block-uagb-container uagb-block-de569c42 alignfull uagb-is-root-container\"><div class=\"uagb-container-inner-blocks-wrap\">\n<div class=\"wp-block-uagb-image uagb-block-d1dfb208 wp-block-uagb-image--layout-default wp-block-uagb-image--effect-static wp-block-uagb-image--align-none\"><figure class=\"wp-block-uagb-image__figure\"><img decoding=\"async\" srcset=\"https:\/\/calmtravel.de\/wp-content\/uploads\/2025\/10\/Sabine.png ,https:\/\/calmtravel.de\/wp-content\/uploads\/2025\/10\/Sabine.png 780w, https:\/\/calmtravel.de\/wp-content\/uploads\/2025\/10\/Sabine.png 360w\" sizes=\"auto, (max-width: 480px) 150px\" src=\"https:\/\/calmtravel.de\/wp-content\/uploads\/2025\/10\/Sabine.png\" alt=\"\" class=\"uag-image-1358\" width=\"428\" height=\"408\" title=\"Sabine\" loading=\"lazy\" role=\"img\"\/><\/figure><\/div>\n\n\n\n<div class=\"wp-block-uagb-container uagb-block-14ebbade\">\n<div class=\"wp-block-uagb-image uagb-block-e67524fc wp-block-uagb-image--layout-default wp-block-uagb-image--effect-static wp-block-uagb-image--align-none\"><figure class=\"wp-block-uagb-image__figure\"><img decoding=\"async\" srcset=\"https:\/\/calmtravel.de\/wp-content\/uploads\/2025\/09\/Group-18-1.jpg ,https:\/\/calmtravel.de\/wp-content\/uploads\/2025\/09\/Group-18-1.jpg 780w, https:\/\/calmtravel.de\/wp-content\/uploads\/2025\/09\/Group-18-1.jpg 360w\" sizes=\"auto, (max-width: 480px) 150px\" src=\"https:\/\/calmtravel.de\/wp-content\/uploads\/2025\/09\/Group-18-1.jpg\" alt=\"\" class=\"uag-image-964\" width=\"428\" height=\"408\" title=\"Group 18\" loading=\"lazy\" role=\"img\"\/><\/figure><\/div>\n<\/div>\n\n\n\n<div class=\"wp-block-uagb-container uagb-block-b5aaad11\">\n<div class=\"wp-block-uagb-image uagb-block-cb2f36e8 wp-block-uagb-image--layout-default wp-block-uagb-image--effect-static wp-block-uagb-image--align-none\"><figure class=\"wp-block-uagb-image__figure\"><img decoding=\"async\" srcset=\"https:\/\/calmtravel.de\/wp-content\/uploads\/2025\/09\/Group-21-1.jpg ,https:\/\/calmtravel.de\/wp-content\/uploads\/2025\/09\/Group-21-1.jpg 780w, https:\/\/calmtravel.de\/wp-content\/uploads\/2025\/09\/Group-21-1.jpg 360w\" sizes=\"auto, (max-width: 480px) 150px\" src=\"https:\/\/calmtravel.de\/wp-content\/uploads\/2025\/09\/Group-21-1.jpg\" alt=\"\" class=\"uag-image-756\" width=\"428\" height=\"408\" title=\"Group 21\" loading=\"lazy\" role=\"img\"\/><\/figure><\/div>\n<\/div>\n<\/div><\/div>\n\n\n\n<div class=\"wp-block-uagb-container uagb-block-10faf540 alignfull uagb-is-root-container\">\n<div class=\"wp-block-uagb-container uagb-block-b0728cb4 alignfull uagb-is-root-container\"><div class=\"uagb-container-inner-blocks-wrap\">\n<div class=\"wp-block-uagb-advanced-heading uagb-block-bd38a542\"><h3 class=\"uagb-heading-text\"><strong>Nimm Kontakt auf<\/strong><\/h3><\/div>\n\n\n\n<div class=\"wp-block-group alignfull is-content-justification-center is-layout-flex wp-container-core-group-is-layout-ef804363 wp-block-group-is-layout-flex\" style=\"margin-top:0;margin-bottom:0;padding-top:0rem;padding-right:0;padding-bottom:0rem;padding-left:0\">\n<div class=\"wp-block-group wp-container-content-9cfa9a5a is-vertical is-layout-flex wp-container-core-group-is-layout-2d729e81 wp-block-group-is-layout-flex\">\n<p class=\"has-text-align-left\"><img loading=\"lazy\" decoding=\"async\" width=\"24\" height=\"25\" class=\"wp-image-653\" style=\"width: 24px;\" src=\"https:\/\/calmtravel.de\/wp-content\/uploads\/2025\/09\/Group-67.png\" alt=\"\" srcset=\"https:\/\/calmtravel.de\/wp-content\/uploads\/2025\/09\/Group-67.png 24w, https:\/\/calmtravel.de\/wp-content\/uploads\/2025\/09\/Group-67-12x12.png 12w\" sizes=\"auto, (max-width: 24px) 100vw, 24px\" \/> sabine@calmtravel.de<\/p>\n\n\n\n<p><img loading=\"lazy\" decoding=\"async\" width=\"24\" height=\"25\" class=\"wp-image-652\" style=\"width: 24px;\" src=\"https:\/\/calmtravel.de\/wp-content\/uploads\/2025\/09\/Group-68.png\" alt=\"\" srcset=\"https:\/\/calmtravel.de\/wp-content\/uploads\/2025\/09\/Group-68.png 24w, https:\/\/calmtravel.de\/wp-content\/uploads\/2025\/09\/Group-68-12x12.png 12w\" sizes=\"auto, (max-width: 24px) 100vw, 24px\" \/> +49 17557 22815<\/p>\n\n\n\n<div style=\"height:0px\" aria-hidden=\"true\" class=\"wp-block-spacer wp-container-content-541a6b20\"><\/div>\n<\/div>\n\n\n\n<div class=\"wp-block-group is-content-justification-right is-layout-flex wp-container-core-group-is-layout-35d1f3ed wp-block-group-is-layout-flex\">\n<div class=\"wp-block-group is-vertical is-layout-flex wp-container-core-group-is-layout-fe9cc265 wp-block-group-is-layout-flex\">\n<div class=\"wp-block-group is-vertical is-content-justification-left is-layout-flex wp-container-core-group-is-layout-32091062 wp-block-group-is-layout-flex\">\n<p class=\"button-social\"><a href=\"#\"><\/a><a href=\"https:\/\/www.google.com\/maps\/place\/\/data=!4m2!3m1!1s0x1334cd64bf9c9435:0x45a5b06def8897a0?source=g.page.default\"><img loading=\"lazy\" decoding=\"async\" width=\"24\" height=\"24\" class=\"wp-image-656\" style=\"width: 24px;\" src=\"https:\/\/calmtravel.de\/wp-content\/uploads\/2025\/09\/image-6.png\" alt=\"\" srcset=\"https:\/\/calmtravel.de\/wp-content\/uploads\/2025\/09\/image-6.png 24w, https:\/\/calmtravel.de\/wp-content\/uploads\/2025\/09\/image-6-12x12.png 12w\" sizes=\"auto, (max-width: 24px) 100vw, 24px\" \/> Eine Bewertung hinterlassen<\/a><\/p>\n\n\n\n<p class=\"button-social\"><a href=\"https:\/\/www.instagram.com\/calmtravel.de\"><img loading=\"lazy\" decoding=\"async\" width=\"24\" height=\"24\" class=\"wp-image-655\" style=\"width: 24px;\" src=\"https:\/\/calmtravel.de\/wp-content\/uploads\/2025\/09\/image-7.png\" alt=\"\" srcset=\"https:\/\/calmtravel.de\/wp-content\/uploads\/2025\/09\/image-7.png 24w, https:\/\/calmtravel.de\/wp-content\/uploads\/2025\/09\/image-7-12x12.png 12w\" sizes=\"auto, (max-width: 24px) 100vw, 24px\" \/> Folge uns<\/a><\/p>\n<\/div>\n\n\n\n<div style=\"height:0px\" aria-hidden=\"true\" class=\"wp-block-spacer wp-container-content-541a6b20\"><\/div>\n<\/div>\n<\/div>\n<\/div>\n<\/div><\/div>\n<\/div>\n\n\n\n<div class=\"wp-block-uagb-container uagb-block-c73813b8 alignfull uagb-is-root-container\"><div class=\"uagb-container-inner-blocks-wrap\">\n<h6 class=\"wp-block-heading\" style=\"margin-top:0px;margin-right:0px;margin-bottom:0px;margin-left:0px\">Mit Liebe gemacht f\u00fcr leidenschaftliche Reisende.<\/h6>\n\n\n\n<div class=\"wp-block-uagb-container uagb-block-2337dd00\">\n<div class=\"wp-block-buttons is-content-justification-right is-layout-flex wp-container-core-buttons-is-layout-d445cf74 wp-block-buttons-is-layout-flex\">\n<div class=\"wp-block-button is-style-outline is-style-outline--1\"><a class=\"wp-block-button__link has-ast-global-color-8-color has-text-color has-link-color has-small-font-size has-custom-font-size wp-element-button\" href=\"https:\/\/calmtravel.de\/de\/impressum\/\" style=\"border-style:none;border-width:0px;padding-top:var(--wp--preset--spacing--20);padding-right:var(--wp--preset--spacing--20);padding-bottom:var(--wp--preset--spacing--20);padding-left:var(--wp--preset--spacing--20)\">Impressum<\/a><\/div>\n\n\n\n<div class=\"wp-block-button is-style-outline is-style-outline--2\"><a class=\"wp-block-button__link has-ast-global-color-8-color has-text-color has-link-color has-small-font-size has-custom-font-size wp-element-button\" href=\"https:\/\/calmtravel.de\/de\/datenschutzerklarung\/\" style=\"border-style:none;border-width:0px;padding-top:var(--wp--preset--spacing--20);padding-right:var(--wp--preset--spacing--20);padding-bottom:var(--wp--preset--spacing--20);padding-left:var(--wp--preset--spacing--20)\">Datenschutzerkl\u00e4rung<\/a><\/div>\n<\/div>\n<\/div>\n<\/div><\/div>","protected":false},"excerpt":{"rendered":"<p>The Story It was a long awaited dream to find a beautifully designed eco-house at the sea and after many years of research here we go. We are Sabine and Norbert from Berlin and want to share our dream house with you to feel at home away from home. We are passionate about traveling, art, [&hellip;]<\/p>\n","protected":false},"author":2,"featured_media":0,"parent":0,"menu_order":0,"comment_status":"closed","ping_status":"closed","template":"","meta":{"_coblocks_attr":"","_coblocks_dimensions":"","_coblocks_responsive_height":"","_coblocks_accordion_ie_support":"","_uag_custom_page_level_css":"","site-sidebar-layout":"default","site-content-layout":"","ast-site-content-layout":"default","site-content-style":"default","site-sidebar-style":"default","ast-global-header-display":"","ast-banner-title-visibility":"","ast-main-header-display":"","ast-hfb-above-header-display":"","ast-hfb-below-header-display":"","ast-hfb-mobile-header-display":"","site-post-title":"disabled","ast-breadcrumbs-content":"","ast-featured-img":"","footer-sml-layout":"","ast-disable-related-posts":"","theme-transparent-header-meta":"","adv-header-id-meta":"","stick-header-meta":"","header-above-stick-meta":"","header-main-stick-meta":"","header-below-stick-meta":"","astra-migrate-meta-layouts":"set","ast-page-background-enabled":"default","ast-page-background-meta":{"desktop":{"background-color":"var(--ast-global-color-4)","background-image":"","background-repeat":"repeat","background-position":"center center","background-size":"auto","background-attachment":"scroll","background-type":"","background-media":"","overlay-type":"","overlay-color":"","overlay-opacity":"","overlay-gradient":""},"tablet":{"background-color":"","background-image":"","background-repeat":"repeat","background-position":"center center","background-size":"auto","background-attachment":"scroll","background-type":"","background-media":"","overlay-type":"","overlay-color":"","overlay-opacity":"","overlay-gradient":""},"mobile":{"background-color":"","background-image":"","background-repeat":"repeat","background-position":"center center","background-size":"auto","background-attachment":"scroll","background-type":"","background-media":"","overlay-type":"","overlay-color":"","overlay-opacity":"","overlay-gradient":""}},"ast-content-background-meta":{"desktop":{"background-color":"var(--ast-global-color-5)","background-image":"","background-repeat":"repeat","background-position":"center center","background-size":"auto","background-attachment":"scroll","background-type":"","background-media":"","overlay-type":"","overlay-color":"","overlay-opacity":"","overlay-gradient":""},"tablet":{"background-color":"var(--ast-global-color-5)","background-image":"","background-repeat":"repeat","background-position":"center center","background-size":"auto","background-attachment":"scroll","background-type":"","background-media":"","overlay-type":"","overlay-color":"","overlay-opacity":"","overlay-gradient":""},"mobile":{"background-color":"var(--ast-global-color-5)","background-image":"","background-repeat":"repeat","background-position":"center center","background-size":"auto","background-attachment":"scroll","background-type":"","background-media":"","overlay-type":"","overlay-color":"","overlay-opacity":"","overlay-gradient":""}},"footnotes":""},"class_list":["post-754","page","type-page","status-publish","hentry"],"uagb_featured_image_src":{"full":false,"thumbnail":false,"medium":false,"medium_large":false,"large":false,"1536x1536":false,"2048x2048":false,"trp-custom-language-flag":false},"uagb_author_info":{"display_name":"Sabine Jankowski","author_link":"https:\/\/calmtravel.de\/de\/author\/norbert\/"},"uagb_comment_info":0,"uagb_excerpt":"The Story It was a long awaited dream to find a beautifully designed eco-house at the sea and after many years of research here we go. We are Sabine and Norbert from Berlin and want to share our dream house with you to feel at home away from home. We are passionate about traveling, art,&hellip;","jetpack_sharing_enabled":true,"_links":{"self":[{"href":"https:\/\/calmtravel.de\/de\/wp-json\/wp\/v2\/pages\/754","targetHints":{"allow":["GET"]}}],"collection":[{"href":"https:\/\/calmtravel.de\/de\/wp-json\/wp\/v2\/pages"}],"about":[{"href":"https:\/\/calmtravel.de\/de\/wp-json\/wp\/v2\/types\/page"}],"author":[{"embeddable":true,"href":"https:\/\/calmtravel.de\/de\/wp-json\/wp\/v2\/users\/2"}],"replies":[{"embeddable":true,"href":"https:\/\/calmtravel.de\/de\/wp-json\/wp\/v2\/comments?post=754"}],"version-history":[{"count":8,"href":"https:\/\/calmtravel.de\/de\/wp-json\/wp\/v2\/pages\/754\/revisions"}],"predecessor-version":[{"id":1360,"href":"https:\/\/calmtravel.de\/de\/wp-json\/wp\/v2\/pages\/754\/revisions\/1360"}],"wp:attachment":[{"href":"https:\/\/calmtravel.de\/de\/wp-json\/wp\/v2\/media?parent=754"}],"curies":[{"name":"wp","href":"https:\/\/api.w.org\/{rel}","templated":true}]}}