{"id":340,"date":"2020-09-10T07:17:38","date_gmt":"2020-09-10T07:17:38","guid":{"rendered":"https:\/\/calmtravel.de\/?page_id=340"},"modified":"2020-09-10T07:21:18","modified_gmt":"2020-09-10T07:21:18","slug":"datenschutzerklarung","status":"publish","type":"page","link":"https:\/\/calmtravel.de\/de\/datenschutzerklarung\/","title":{"rendered":"Datenschutzerkl\u00e4rung"},"content":{"rendered":"\n<p><strong>Allgemeines<\/strong><br>Der Betreiber dieser Webseite erhebt, verarbeitet und nutzt personenbezogene Daten eines Nutzers ohne weitergehende Einwilligung nur soweit sie f\u00fcr die Vertragsbegr\u00fcndung und -abwicklung sowie zu Abrechnungszwecken erforderlich sind.<\/p>\n\n\n\n<p>Personenbezogene Datensind Einzelangaben \u00fcber pers\u00f6nliche oder sachliche Verh\u00e4ltnisse einer bestimmten oder bestimmbaren nat\u00fcrlichen Person (Betroffener). Das Erheben von Daten bedeutet insoweit das Zusammentragen oder Erstellung von Daten durch den Betroffenen selbst. Verarbeiten ist neben dem Speichern und L\u00f6schen auch das Ver\u00e4ndern, das Sperren und die \u00dcbermittlung personenbezogener Daten. Nutzen ist jede Verwendung personenbezogener Daten, soweit es sich nicht um Verarbeitung handelt. Sofern notwendig, k\u00f6nnen Bestands- und Verkehrsdaten des Kunden an mit dem Betreiber der Webseite verbundene Unternehmen weitergegeben werden. Der Betreiber dieser Webseite ist nach Ma\u00dfgabe der hierf\u00fcr geltenden gesetzlichen Bestimmungen berechtigt, Auskunft an Strafverfolgungsbeh\u00f6rden und Gerichte zum Zwecke der Strafverfolgung zu erteilen. Der Betreiber dieser Webseite kann die Bestands- und Verkehrsdaten des Kunden zu Marktforschungszwecken auswerten bzw. durch Dritte auswerten lassen. Der Kunde kann dem durch Kontaktaufnahme mit dem Datenschutzbeauftragen widersprechen.<\/p>\n\n\n\n<p><strong>Bestandsdaten<\/strong><br>Bestandsdaten sind personenbezogene Daten, die erforderlich sind, um das Vertragsverh\u00e4ltnis zwischen dem Betreiber dieser Webseite und dem Nutzer zu begr\u00fcnden oder zu \u00e4ndern. Hierzu geh\u00f6ren unter anderem der Name und die Anschrift, Geburtsdatum, Telefon, E-Mail-Adresse und Zahlungsdaten des Nutzers. Der Betreiber dieser Webseite wird Bestandsdaten nur dann an Dritte weiterleiten, sofern dies f\u00fcr die Erbringung der Dienstleistung erforderlich ist. Der Betreiber dieser Webseite wird die Bestandsdaten f\u00fcr Zwecke der Werbung, Kundenberatung oder Marktforschung nur verarbeiten und nutzen, soweit dies erforderlich ist und der Nutzer eingewilligt hat. Die Einwilligung kann der Nutzer jederzeit schriftlich widerrufen.<\/p>\n\n\n\n<p>Die Vorschrift in \u00a729 BDSG erlaubt eine gesch\u00e4ftsm\u00e4\u00dfige Erhebung, Speicherung oder Ver\u00e4nderung personenbezogener Daten zum Zweck der \u00dcbermittlung insbesondere im Zusammenhang mit der T\u00e4tigkeit von Auskunfteien. Auskunfteien verkn\u00fcpfen personenbezogene Daten, die aus verschiedenen Quellen stammen und \u00fcbermitteln diese an Dritte. Der Betreiber dieser Webseite ist verpflichtet, solchen Auskunfteien die erforderlichen Daten zur Verf\u00fcgung zu stellen.<\/p>\n\n\n\n<p><strong>Verkehrsdaten<\/strong><br>Verkehrsdaten sind Daten, die bei der Erbringung eines Telekommunikationsdienstes erhoben, verarbeitet oder genutzt werden. Der Betreiber dieser Webseite bzw. ein Dritter, dessen sich der Betreiber dieser Webseite zur Erbringung der Telekommunikationsdienste bedient, erhebt Verkehrsdaten, um die Inanspruchnahme dieser Dienste zu erm\u00f6glichen und die Rechnung des jeweiligen Nutzers erstellen zu k\u00f6nnen. In der Regel werden dabei Datum und Uhrzeit sowie Zeitzone des Beginns und Endes der Nutzung, der Umfang in Bytes, die IP-Adresse und die Art des in Anspruch genommenen Teledienstes erfasst. Die vorgenannten Daten werden bis zu sechs Monate nach der Versendung der Rechnung gespeichert, es sei denn im Rahmen der vom Nutzer aktivierten Statistikfunktionen ist eine l\u00e4ngere Speicherung vorgesehen. Soweit es die Abrechnung mit anderen Unternehmen oder mit anderen Diensteanbietern oder gesetzliche Vorschriften erfordern, darf der Betreiber dieser Webseite Verkehrsdaten verwenden, speichern und \u00fcbermitteln.<\/p>\n\n\n\n<p><strong>Auskunftsrecht<\/strong><br>Der Betreiber dieser Webseite teilt dem Nutzer auf Anfrage schriftlich unter Ber\u00fccksichtigung der gesetzlichen Vorgaben mit, ob und welche pers\u00f6nlichen Daten \u00fcber ihn gespeichert sind. Hierf\u00fcr und f\u00fcr weitere Fragen zum Datenschutz teht Ihnen der Datenschutzbeauftragte zur Verf\u00fcgung.<\/p>\n\n\n\n<p><strong>Website-Tracking<\/strong><br>Diese Website verwendet teilweise so genannte Cookies. Diese dienen dazu, das Angebot nutzerfreundlicher, effektiver und sicherer zu machen. Cookies sind kleine Textdateien, die auf Ihrem Rechner abgelegt werden und die Ihr Browser speichert und die eine Analyse der Benutzung der Website durch Sie erm\u00f6glichen. Sie k\u00f6nnen die Speicherung dieses und der unten genannten Cookies durch eine entsprechende Einstellung Ihrer Browser-Software verhindern; wir weisen Sie jedoch darauf hin, dass Sie in diesem Fall gegebenenfalls nicht s\u00e4mtliche Funktionen dieser Website vollumf\u00e4nglich werden nutzen k\u00f6nnen. Diese Webseite benutzt Google Analytics, einen Webanalysedienst der Google Inc. (\u201eGoogle\u201c). Google Analytics verwendet sog. \u201e Cookies\u201c. Die durch den Cookie erzeugten Informationen \u00fcber Ihre Benutzung dieser Website werden in der Regel an einen Server von Google in den USA \u00fcbertragen und dort gespeichert. Google wird diese Informationen benutzen, um Ihre Nutzung der Website auszuwerten, um Reports \u00fcber die Websiteaktivit\u00e4ten zusammenzustellen und um weitere mit der Websitenutzung und der Internetnutzung verbundene Dienstleistungen gegen\u00fcber dem Websitebetreiber zu erbringen.<\/p>\n\n\n\n<p>Die im Rahmen von Google Analytics von Ihrem Browser \u00fcbermittelte IP-Adresse wird nicht mit anderen Daten von Google zusammengef\u00fchrt. Die Cookies werden dar\u00fcber hinaus f\u00fcr die Remarketing Technologie der Google Inc. verwendet. Durch diese Technologie werden Nutzer, die diese Website bereits besucht und sich f\u00fcr das Angebot interessiert haben, durch zielgerichtete Werbung auf den Seiten des Google Partner Netzwerks erneut angesprochen. Sofern Nutzer zugestimmt haben, dass ihr Web- und App-Browserverlauf von Google mit ihrem Google-Konto verkn\u00fcpft wird und Informationen aus ihrem Google-Konto zum Personalisieren von Anzeigen verwendet werden, erfolgt die Remarketing-Funktion ger\u00e4te\u00fcbergreifend. Zur Unterst\u00fctzung dieser Funktion werden von Google Analytics Google- authentifzierte IDs dieser Nutzer erfasst. Diese personenbezogenen Daten werden vor\u00fcbergehend mit den Google Analytics-Daten verkn\u00fcpft, um Zielgruppen bilden zu k\u00f6nnen. Google-Nutzer k\u00f6nnen ihre Anzeigeneinstellungen unter \u201eMein Konto\u201c anpassen oder personalisierte Anzeigen deaktivieren. Sie k\u00f6nnen dar\u00fcber hinaus die Erfassung der durch das Cookie erzeugten und auf Ihre Nutzung der Website bezogenen Daten inkl. Ihrer gek\u00fcrzten IP-Adresse) an Google sowie die Verarbeitung dieser Daten durch Google verhindern, indem sie das unter dem folgenden Link verf\u00fcgbare Browser-Plugin herunterladen und installieren: [<a href=\"http:\/\/tools.google.com\/dlpage\/gaoptout?hl=de\" target=\"_blank\" rel=\"noreferrer noopener\">http:\/\/tools.google.com\/dlpage\/gaoptout?hl=de<\/a>]<\/p>\n\n\n\n<p>Dar\u00fcber hinaus erhebt Google Analytics-Berichte zur Leistung nach demografischen Merkmalen und Interesse. Social Plugins Diese Website nutzt verschiedene Funktionen von den sozialen Netzwerken Facebook, Twitter und Google+. Standardm\u00e4\u00dfig werden bei dem Besuch unserer Website keine Daten an diese Dienste \u00fcbertragen. Auf einigen Seiten kann nach dem Setzen eines Hakens beim entsprechenden Plugin bzw. beim Klick auf einen entsprechenden Link bei der jeweiligen Plattform eine \u00dcbertragung von Daten gem\u00e4\u00df der nachfolgenden Bedingungen stattfinden, ohne dass die Funktion (\u201eEmpfehlen\u201c, \u201eTweet\u201c, \u201e+1\u201c) selbst durchgef\u00fchrt wird.<\/p>\n\n\n\n<p>Siehe auch Google Datenschutzerkl\u00e4rung &amp; Nutzungsbedingungen:&nbsp;<a href=\"https:\/\/policies.google.com\/privacy\" target=\"_blank\" rel=\"noreferrer noopener\">https:\/\/policies.google.com\/privacy<\/a><\/p>\n","protected":false},"excerpt":{"rendered":"<p>AllgemeinesDer Betreiber dieser Webseite erhebt, verarbeitet und nutzt personenbezogene Daten eines Nutzers ohne weitergehende Einwilligung nur soweit sie f\u00fcr die Vertragsbegr\u00fcndung und -abwicklung sowie zu Abrechnungszwecken erforderlich sind. Personenbezogene Datensind Einzelangaben \u00fcber pers\u00f6nliche oder sachliche Verh\u00e4ltnisse einer bestimmten oder bestimmbaren nat\u00fcrlichen Person (Betroffener). Das Erheben von Daten bedeutet insoweit das Zusammentragen oder Erstellung von Daten [&hellip;]<\/p>\n","protected":false},"author":1,"featured_media":0,"parent":0,"menu_order":0,"comment_status":"closed","ping_status":"closed","template":"","meta":{"_coblocks_attr":"","_coblocks_dimensions":"","_coblocks_responsive_height":"","_coblocks_accordion_ie_support":"","_uag_custom_page_level_css":"","site-sidebar-layout":"no-sidebar","site-content-layout":"default","ast-site-content-layout":"default","site-content-style":"default","site-sidebar-style":"default","ast-global-header-display":"","ast-banner-title-visibility":"","ast-main-header-display":"","ast-hfb-above-header-display":"","ast-hfb-below-header-display":"","ast-hfb-mobile-header-display":"","site-post-title":"","ast-breadcrumbs-content":"","ast-featured-img":"","footer-sml-layout":"","ast-disable-related-posts":"","theme-transparent-header-meta":"default","adv-header-id-meta":"","stick-header-meta":"","header-above-stick-meta":"","header-main-stick-meta":"","header-below-stick-meta":"","astra-migrate-meta-layouts":"default","ast-page-background-enabled":"default","ast-page-background-meta":{"desktop":{"background-color":"var(--ast-global-color-4)","background-image":"","background-repeat":"repeat","background-position":"center center","background-size":"auto","background-attachment":"scroll","background-type":"","background-media":"","overlay-type":"","overlay-color":"","overlay-opacity":"","overlay-gradient":""},"tablet":{"background-color":"","background-image":"","background-repeat":"repeat","background-position":"center center","background-size":"auto","background-attachment":"scroll","background-type":"","background-media":"","overlay-type":"","overlay-color":"","overlay-opacity":"","overlay-gradient":""},"mobile":{"background-color":"","background-image":"","background-repeat":"repeat","background-position":"center center","background-size":"auto","background-attachment":"scroll","background-type":"","background-media":"","overlay-type":"","overlay-color":"","overlay-opacity":"","overlay-gradient":""}},"ast-content-background-meta":{"desktop":{"background-color":"var(--ast-global-color-5)","background-image":"","background-repeat":"repeat","background-position":"center center","background-size":"auto","background-attachment":"scroll","background-type":"","background-media":"","overlay-type":"","overlay-color":"","overlay-opacity":"","overlay-gradient":""},"tablet":{"background-color":"var(--ast-global-color-5)","background-image":"","background-repeat":"repeat","background-position":"center center","background-size":"auto","background-attachment":"scroll","background-type":"","background-media":"","overlay-type":"","overlay-color":"","overlay-opacity":"","overlay-gradient":""},"mobile":{"background-color":"var(--ast-global-color-5)","background-image":"","background-repeat":"repeat","background-position":"center center","background-size":"auto","background-attachment":"scroll","background-type":"","background-media":"","overlay-type":"","overlay-color":"","overlay-opacity":"","overlay-gradient":""}},"footnotes":""},"class_list":["post-340","page","type-page","status-publish","hentry"],"uagb_featured_image_src":{"full":false,"thumbnail":false,"medium":false,"medium_large":false,"large":false,"1536x1536":false,"2048x2048":false,"trp-custom-language-flag":false},"uagb_author_info":{"display_name":"tekovankuyk","author_link":"https:\/\/calmtravel.de\/de\/author\/tekovankuyk\/"},"uagb_comment_info":0,"uagb_excerpt":"AllgemeinesDer Betreiber dieser Webseite erhebt, verarbeitet und nutzt personenbezogene Daten eines Nutzers ohne weitergehende Einwilligung nur soweit sie f\u00fcr die Vertragsbegr\u00fcndung und -abwicklung sowie zu Abrechnungszwecken erforderlich sind. Personenbezogene Datensind Einzelangaben \u00fcber pers\u00f6nliche oder sachliche Verh\u00e4ltnisse einer bestimmten oder bestimmbaren nat\u00fcrlichen Person (Betroffener). Das Erheben von Daten bedeutet insoweit das Zusammentragen oder Erstellung von Daten&hellip;","jetpack_sharing_enabled":true,"_links":{"self":[{"href":"https:\/\/calmtravel.de\/de\/wp-json\/wp\/v2\/pages\/340","targetHints":{"allow":["GET"]}}],"collection":[{"href":"https:\/\/calmtravel.de\/de\/wp-json\/wp\/v2\/pages"}],"about":[{"href":"https:\/\/calmtravel.de\/de\/wp-json\/wp\/v2\/types\/page"}],"author":[{"embeddable":true,"href":"https:\/\/calmtravel.de\/de\/wp-json\/wp\/v2\/users\/1"}],"replies":[{"embeddable":true,"href":"https:\/\/calmtravel.de\/de\/wp-json\/wp\/v2\/comments?post=340"}],"version-history":[{"count":1,"href":"https:\/\/calmtravel.de\/de\/wp-json\/wp\/v2\/pages\/340\/revisions"}],"predecessor-version":[{"id":341,"href":"https:\/\/calmtravel.de\/de\/wp-json\/wp\/v2\/pages\/340\/revisions\/341"}],"wp:attachment":[{"href":"https:\/\/calmtravel.de\/de\/wp-json\/wp\/v2\/media?parent=340"}],"curies":[{"name":"wp","href":"https:\/\/api.w.org\/{rel}","templated":true}]}}