{"id":338,"date":"2020-09-10T07:15:06","date_gmt":"2020-09-10T07:15:06","guid":{"rendered":"https:\/\/calmtravel.de\/?page_id=338"},"modified":"2023-08-02T06:24:03","modified_gmt":"2023-08-02T06:24:03","slug":"impressum","status":"publish","type":"page","link":"https:\/\/calmtravel.de\/de\/impressum\/","title":{"rendered":"Impressum"},"content":{"rendered":"<p>Angaben gem\u00e4ss \u00a7 5 TMG<\/p>\n\n\n\n<p><a href=\"https:\/\/calmtravel.de\/de\/\" target=\"_blank\" rel=\"noreferrer noopener\">www.calmtravel.de<\/a>&nbsp;wird betrieben von:<\/p>\n\n\n\n<p>calm travel j.d.o.o.<br>Stjepana Radi\u0107a 14A<br>23000 Zadar<\/p>\n\n\n\n<p>Company Reg Nr. (MBS) 081264479&nbsp;<br>OIB: 822671 31013<\/p>\n\n\n\n<p>vertreten durch: Sabine Jankowski<\/p>\n\n\n\n<p><a href=\"mailto:sabine@calmtravel.de\" target=\"_blank\" rel=\"noreferrer noopener\">sabine@calmtravel.de<\/a><\/p>\n\n\n\n<p>Streitschlichtung:<br>Wir sind nicht bereit oder verpflichtet, an Streitbeilegungsverfahren vor einer Verbraucherschlichtungsstelle teilzunehmen.<\/p>\n\n\n\n<p>Haftung f\u00fcr Inhalte:<br>Als Diensteanbieter sind wir gem\u00e4\u00df \u00a7 7 Abs.1 TMG f\u00fcr eigene Inhalte auf diesen Seiten nach den allgemeinen Gesetzen verantwortlich. Nach \u00a7\u00a7 8 bis 10 TMG sind wir als Diensteanbieter jedoch nicht verpflichtet, \u00fcbermittelte oder gespeicherte fremde Informationen zu \u00fcberwachen oder nach Umst\u00e4nden zu forschen, die auf eine rechtswidrige T\u00e4tigkeit hinweisen. Verpflichtungen zur Entfernung oder Sperrung der Nutzung von Informationen nach den allgemeinen Gesetzen bleiben hiervon unber\u00fchrt. Eine diesbez\u00fcgliche Haftung ist jedoch erst ab dem Zeitpunkt der Kenntnis einer konkreten Rechtsverletzung m\u00f6glich. Bei Bekanntwerden von entsprechenden Rechtsverletzungen werden wir diese Inhalte umgehend entfernen.<\/p>\n\n\n\n<p>Haftung f\u00fcr Links:<br>Unser Angebot kann Links zu externen Websites Dritter enthalten, auf deren Inhalte wir keinen Einfluss haben. Deshalb k\u00f6nnen wir f\u00fcr diese fremden Inhalte auch keine Gew\u00e4hr \u00fcbernehmen. F\u00fcr die Inhalte der verlinkten Seiten ist stets der jeweilige Anbieter oder Betreiber der Seiten verantwortlich. Die verlinkten Seiten wurden zum Zeitpunkt der Verlinkung auf m\u00f6gliche Rechtsverst\u00f6\u00dfe \u00fcberpr\u00fcft. Rechtswidrige Inhalte waren zum Zeitpunkt der Verlinkung nicht erkennbar. Soweit die Inhalte auf dieser Seite nicht vom Betreiber erstellt wurden, werden die Urheberrechte Dritter beachtet. Insbesondere werden Inhalte Dritter als solche gekennzeichnet. Sollten Sie trotzdem auf eine Urheberrechtsverletzung aufmerksam werden, bitten wir umgehend um einen entsprechenden Hinweis. Bei Bekanntwerden von Rechtsverletzungen werden wir derartige Inhalte umgehend entfernen.<\/p>\n\n\n\n<p>Copyright \u00a9 2020&nbsp;<a rel=\"noreferrer noopener\" href=\"http:\/\/calmtravel.de\/de\/\" target=\"_blank\">calmtravel.de<\/a>&nbsp;<br><\/p>\n\n\n\n<hr class=\"wp-block-separator has-css-opacity\"\/>\n\n\n\n<p>S. Jankowski, calm travel j.d.o.o., Stjepana Radi\u0107a 14A, 23000 Zadar<\/p>\n\n\n\n<p>Jadranska Magistrala 23, 23211 Drage, Pakoatane Kroatien &nbsp; &nbsp; &nbsp;&nbsp;<\/p>","protected":false},"excerpt":{"rendered":"<p>Angaben gem\u00e4ss \u00a7 5 TMG www.calmtravel.de&nbsp;wird betrieben von: calm travel j.d.o.o.Stjepana Radi\u0107a 14A23000 Zadar Company Reg Nr. (MBS) 081264479&nbsp;OIB: 822671 31013 vertreten durch: Sabine Jankowski sabine@calmtravel.de Streitschlichtung:Wir sind nicht bereit oder verpflichtet, an Streitbeilegungsverfahren vor einer Verbraucherschlichtungsstelle teilzunehmen. Haftung f\u00fcr Inhalte:Als Diensteanbieter sind wir gem\u00e4\u00df \u00a7 7 Abs.1 TMG f\u00fcr eigene Inhalte auf diesen Seiten [&hellip;]<\/p>\n","protected":false},"author":1,"featured_media":0,"parent":0,"menu_order":0,"comment_status":"closed","ping_status":"closed","template":"","meta":{"_coblocks_attr":"","_coblocks_dimensions":"","_coblocks_responsive_height":"","_coblocks_accordion_ie_support":"","_uag_custom_page_level_css":"","site-sidebar-layout":"no-sidebar","site-content-layout":"default","ast-site-content-layout":"default","site-content-style":"default","site-sidebar-style":"default","ast-global-header-display":"","ast-banner-title-visibility":"","ast-main-header-display":"","ast-hfb-above-header-display":"","ast-hfb-below-header-display":"","ast-hfb-mobile-header-display":"","site-post-title":"","ast-breadcrumbs-content":"","ast-featured-img":"","footer-sml-layout":"","ast-disable-related-posts":"","theme-transparent-header-meta":"default","adv-header-id-meta":"","stick-header-meta":"","header-above-stick-meta":"","header-main-stick-meta":"","header-below-stick-meta":"","astra-migrate-meta-layouts":"default","ast-page-background-enabled":"default","ast-page-background-meta":{"desktop":{"background-color":"var(--ast-global-color-4)","background-image":"","background-repeat":"repeat","background-position":"center center","background-size":"auto","background-attachment":"scroll","background-type":"","background-media":"","overlay-type":"","overlay-color":"","overlay-opacity":"","overlay-gradient":""},"tablet":{"background-color":"","background-image":"","background-repeat":"repeat","background-position":"center center","background-size":"auto","background-attachment":"scroll","background-type":"","background-media":"","overlay-type":"","overlay-color":"","overlay-opacity":"","overlay-gradient":""},"mobile":{"background-color":"","background-image":"","background-repeat":"repeat","background-position":"center center","background-size":"auto","background-attachment":"scroll","background-type":"","background-media":"","overlay-type":"","overlay-color":"","overlay-opacity":"","overlay-gradient":""}},"ast-content-background-meta":{"desktop":{"background-color":"var(--ast-global-color-5)","background-image":"","background-repeat":"repeat","background-position":"center center","background-size":"auto","background-attachment":"scroll","background-type":"","background-media":"","overlay-type":"","overlay-color":"","overlay-opacity":"","overlay-gradient":""},"tablet":{"background-color":"var(--ast-global-color-5)","background-image":"","background-repeat":"repeat","background-position":"center center","background-size":"auto","background-attachment":"scroll","background-type":"","background-media":"","overlay-type":"","overlay-color":"","overlay-opacity":"","overlay-gradient":""},"mobile":{"background-color":"var(--ast-global-color-5)","background-image":"","background-repeat":"repeat","background-position":"center center","background-size":"auto","background-attachment":"scroll","background-type":"","background-media":"","overlay-type":"","overlay-color":"","overlay-opacity":"","overlay-gradient":""}},"footnotes":""},"class_list":["post-338","page","type-page","status-publish","hentry"],"uagb_featured_image_src":{"full":false,"thumbnail":false,"medium":false,"medium_large":false,"large":false,"1536x1536":false,"2048x2048":false,"trp-custom-language-flag":false},"uagb_author_info":{"display_name":"tekovankuyk","author_link":"https:\/\/calmtravel.de\/de\/author\/tekovankuyk\/"},"uagb_comment_info":0,"uagb_excerpt":"Angaben gem\u00e4ss \u00a7 5 TMG www.calmtravel.de&nbsp;wird betrieben von: calm travel j.d.o.o.Stjepana Radi\u0107a 14A23000 Zadar Company Reg Nr. (MBS) 081264479&nbsp;OIB: 822671 31013 vertreten durch: Sabine Jankowski sabine@calmtravel.de Streitschlichtung:Wir sind nicht bereit oder verpflichtet, an Streitbeilegungsverfahren vor einer Verbraucherschlichtungsstelle teilzunehmen. Haftung f\u00fcr Inhalte:Als Diensteanbieter sind wir gem\u00e4\u00df \u00a7 7 Abs.1 TMG f\u00fcr eigene Inhalte auf diesen Seiten&hellip;","jetpack_sharing_enabled":true,"_links":{"self":[{"href":"https:\/\/calmtravel.de\/de\/wp-json\/wp\/v2\/pages\/338","targetHints":{"allow":["GET"]}}],"collection":[{"href":"https:\/\/calmtravel.de\/de\/wp-json\/wp\/v2\/pages"}],"about":[{"href":"https:\/\/calmtravel.de\/de\/wp-json\/wp\/v2\/types\/page"}],"author":[{"embeddable":true,"href":"https:\/\/calmtravel.de\/de\/wp-json\/wp\/v2\/users\/1"}],"replies":[{"embeddable":true,"href":"https:\/\/calmtravel.de\/de\/wp-json\/wp\/v2\/comments?post=338"}],"version-history":[{"count":4,"href":"https:\/\/calmtravel.de\/de\/wp-json\/wp\/v2\/pages\/338\/revisions"}],"predecessor-version":[{"id":469,"href":"https:\/\/calmtravel.de\/de\/wp-json\/wp\/v2\/pages\/338\/revisions\/469"}],"wp:attachment":[{"href":"https:\/\/calmtravel.de\/de\/wp-json\/wp\/v2\/media?parent=338"}],"curies":[{"name":"wp","href":"https:\/\/api.w.org\/{rel}","templated":true}]}}